{"id":929,"date":"2018-11-06T11:11:26","date_gmt":"2018-11-06T09:11:26","guid":{"rendered":"https:\/\/www.alvear.es\/aviso-legal-y-politica-de-privacidad\/"},"modified":"2019-01-29T08:27:12","modified_gmt":"2019-01-29T07:27:12","slug":"privacy-policy","status":"publish","type":"page","link":"https:\/\/www.alvear.es\/en\/privacy-policy\/","title":{"rendered":"Privacy Policy"},"content":{"rendered":"<p>[vc_row][vc_column][vc_column_text]<\/p>\n<h3 style=\"text-align: left;\">AVISO LEGAL<\/h3>\n<p style=\"text-align: justify;\">ALVEAR S.A (<strong>ALVEAR<\/strong>) facilita a los usuarios (el\u00a0<strong>Usuario<\/strong>\u00a0o los\u00a0<strong>Usuarios<\/strong>) del presente sitio web\u00a0<strong>www.alvear.es<\/strong>(el\u00a0<strong>Sitio Web<\/strong>) los siguientes datos de informaci\u00f3n general, de acuerdo con el art\u00edculo 10 de la Ley 34\/2002, de 11 de julio, de Servicios de la Sociedad de la Informaci\u00f3n y de Comercio Electr\u00f3nico.<\/p>\n<p style=\"text-align: left;\">Denominaci\u00f3n social: ALVEAR S.A.<\/p>\n<p style=\"text-align: left;\">N\u00famero de Identificaci\u00f3n Fiscal: CIF A14004691<\/p>\n<p style=\"text-align: left;\">Domicilio social: Avda. Maria Auxiliadora 1<\/p>\n<p style=\"text-align: left;\">Inscripci\u00f3n en el Registro Mercantil de C\u00f3rdoba , Folio 30, tomo 24, hoja 707<\/p>\n<p style=\"text-align: justify;\">Email de contacto: Para cualquier consulta, el Usuario puede ponerse en contacto con ALVEAR a trav\u00e9s de la direcci\u00f3n de email: alvearsa@alvear.es<\/p>\n<p style=\"text-align: justify;\">A continuaci\u00f3n, se exponen los t\u00e9rminos y condiciones de uso del Sitio Web, cuyos Usuarios deber\u00e1n cumplir en todo momento, el r\u00e9gimen del tratamiento de los datos personales facilitados y restantes aspectos de inter\u00e9s.<\/p>\n<h3 style=\"text-align: left;\">T\u00c9RMINOS\u00a0GENERALES DE USO<\/h3>\n<p style=\"text-align: justify;\">El acceso a los contenidos de las secciones de nuestro Sitio Web, se har\u00e1 de acuerdo a la pol\u00edtica que establezca la entidad. Asimismo, ALVEAR podr\u00e1 modificar, en cualquier momento y sin previo aviso, la informaci\u00f3n contenida en el Sitio Web, por lo que la entidad no se responsabiliza de que esa informaci\u00f3n est\u00e9 actualizada.<\/p>\n<p style=\"text-align: justify;\">El acceso y utilizaci\u00f3n del Sitio Web por parte del Usuario supone que \u00e9ste acepta en su totalidad y se obliga a cumplir por completo las presentes condiciones de uso, que, por lo tanto, el Usuario debe leer atentamente.<\/p>\n<h3 style=\"text-align: left;\">RESPONSABILIDAD DE ALVEAR<\/h3>\n<p style=\"text-align: justify;\">Tanto el acceso a esta Web como el uso que pueda hacerse de la informaci\u00f3n contenida en el mismo es de la exclusiva responsabilidad de quien lo realiza.<\/p>\n<p style=\"text-align: justify;\">ALVEAR no responder\u00e1 de ninguna consecuencia, da\u00f1o o perjuicio que pudieran derivarse de dicho acceso o uso de la informaci\u00f3n. ALVEAR no se hace responsable de los posibles errores de seguridad que se puedan producir ni de los posibles da\u00f1os que puedan causarse al sistema inform\u00e1tico del Usuario (hardware y software), los ficheros o documentos almacenados en el mismo, como consecuencia de la presencia de virus en el ordenador del Usuario utilizado para la conexi\u00f3n a los servicios y contenidos de la Web, de un mal funcionamiento del navegador o del uso de versiones no actualizadas del mismo.<\/p>\n<p style=\"text-align: justify;\">Por tanto, el Usuario acepta, de forma expresa y sin reservas, que el acceso y la utilizaci\u00f3n del portal, se hace bajo su \u00fanica y exclusiva responsabilidad.<\/p>\n<p style=\"text-align: justify;\">El Usuario responder\u00e1, en cualquier caso, de la veracidad de los datos facilitados, reserv\u00e1ndose ALVEAR el derecho a excluir de los servicios registrados a todo Usuario que haya facilitado datos falsos, sin prejuicio de las dem\u00e1s acciones que procedan en Derecho.<\/p>\n<p style=\"text-align: justify;\">En virtud de la Ley 34\/2002 de 11 de julio de Servicios de la Sociedad de la Informaci\u00f3n y Comercio Electr\u00f3nico, para cualquier controversia que pudiera surgir ser\u00e1 de aplicaci\u00f3n la legislaci\u00f3n espa\u00f1ola.<\/p>\n<h3 style=\"text-align: left;\">PROPIEDAD INTELECTUAL<\/h3>\n<p style=\"text-align: justify;\">ALVEAR es propietario y\/o licenciatario, de toda la informaci\u00f3n contenida en este portal, de su dise\u00f1o gr\u00e1fico, im\u00e1genes, bases de datos, \u00edndices, c\u00f3digos fuentes, marcas y logotipos, estando protegidos conforme a lo dispuesto en la Ley de Propiedad Intelectual, y, en la Ley de Marcas.<\/p>\n<p style=\"text-align: justify;\">Su puesta a disposici\u00f3n y uso, no supone, en ning\u00fan caso, la cesi\u00f3n de su titularidad o la concesi\u00f3n de un derecho de uso a favor del Usuario, por lo que toda reproducci\u00f3n, copia, distribuci\u00f3n total o parcial, o, comercializaci\u00f3n, requerir\u00e1 la autorizaci\u00f3n previa y escrita de ALVEAR, reserv\u00e1ndose la entidad, en caso de uso indebido del Website, el derecho a ejercitar cuantas acciones legales fueran precisas para la restituci\u00f3n de los da\u00f1os y perjuicios causados, asimismo el Usuario se obliga a indemnizar a la entidad por cualquier da\u00f1o o perjuicio que pudiera ocasionar por el uso de esta Web, infringiendo estas condiciones generales y\/o la legalidad vigente.<\/p>\n<h3 style=\"text-align: left;\">POL\u00cdTICA DE PROTECCI\u00d3N DE DATOS<\/h3>\n<p style=\"text-align: justify;\">En cumplimiento de lo establecido en la Ley Org\u00e1nica 15\/1999, de 13 de diciembre de Protecci\u00f3n de Datos de Car\u00e1cter Personal, le informamos que los datos que nos facilita formar\u00e1n parte de un fichero propiedad de ALVEAR.<\/p>\n<p style=\"text-align: justify;\">Dado el car\u00e1cter personal de los datos facilitados, ALVEAR se compromete a tratarlos con estricta confidencialidad guardando el secreto debido. A este efecto, la entidad ha elaborado e implantado un Documento de Seguridad de conformidad con la Ley Org\u00e1nica 15\/1999 de 13 de diciembre de Protecci\u00f3n de Datos de Car\u00e1cter Personal y el Real Decreto 1720\/2007 de 21 de diciembre por el que se aprueba el Reglamento de desarrollo de la Ley Org\u00e1nica 15\/1999 de 13 de diciembre de protecci\u00f3n de datos de car\u00e1cter personal.<\/p>\n<p style=\"text-align: justify;\">Para la correcta prestaci\u00f3n de los servicios ofrecidos por ALVEAR, es preciso que el Usuario conteste a todas y cada una de las preguntas que aparecen en los formularios presentes en nuestra P\u00e1gina Web. Asimismo, el Usuario declara que es mayor de edad.<\/p>\n<p style=\"text-align: justify;\">El tratamiento automatizado de los datos de car\u00e1cter personal solicitados tendr\u00e1 como finalidad, adem\u00e1s del mantenimiento, la gesti\u00f3n y administraci\u00f3n de la relaci\u00f3n contractual que en su caso se pudiera entablar, el env\u00edo de informaci\u00f3n comercial relativa a productos y servicios ofrecidos, actualmente y en el futuro, por ALVEAR esa informaci\u00f3n incluye comunicaciones publicitarias y promocionales, a trav\u00e9s de correo postal, fax, correo electr\u00f3nico o cualquier otro medio.<\/p>\n<p style=\"text-align: justify;\">A trav\u00e9s de la aceptaci\u00f3n de esta pol\u00edtica, el Usuario autoriza y consiente la cesi\u00f3n de sus datos personales a otras entidades (Entidades bancarias, compa\u00f1\u00edas de seguros, empresas de transporte, etc.) \u00fanica y exclusivamente cuando sea necesario para la prestaci\u00f3n del servicio solicitado. Asimismo, el Usuario autoriza expresamente el tratamiento y, en su caso, la cesi\u00f3n de los mismos, con la finalidad anteriormente rese\u00f1ada, a cualquiera de las citadas sociedades que con ALVEAR forman un grupo de sociedades.<\/p>\n<p style=\"text-align: justify;\">Transcurrido el plazo de treinta d\u00edas desde la aceptaci\u00f3n de estas condiciones sin recibir negativa fehaciente de su parte, al uso de sus datos para la remisi\u00f3n de comunicaciones comerciales a trav\u00e9s de procedimientos electr\u00f3nicos, entenderemos que consiente dicho tratamiento.<\/p>\n<p style=\"text-align: justify;\">Sus datos personales ser\u00e1n tratados con estricta confidencialidad, pudiendo ejercitar sus derechos de acceso, rectificaci\u00f3n, cancelaci\u00f3n y oposici\u00f3n, mediante el env\u00edo de la notificaci\u00f3n a la direcci\u00f3n\u00a0<a href=\"mailto:alvearsa@alvear.es\">alvearsa@alvear.es<\/a>\u00a0o mediante comunicaci\u00f3n escrita dirigida a la entidad en la direcci\u00f3n postal arriba indicada, aportando copia de un documento que permita acreditar su identidad. Por lo mismo, si en un determinado momento el Usuario no desea seguir recibiendo comunicaciones de dicha naturaleza, podr\u00e1 asimismo revocar su consentimiento en tales t\u00e9rminos.<\/p>\n<h3 style=\"text-align: left;\">LINKS, BANNERS<\/h3>\n<p style=\"text-align: justify;\">La inclusi\u00f3n en el portal www.alvear.es es de links o enlaces con otros portales, tiene una finalidad meramente informativa, y no supone que ALVEAR recomiende y\/o garantice dichos portales, sobre los que no ejerce control alguno, ni es responsable del contenido de los mismos.<\/p>\n<h3 style=\"text-align: left;\">COOKIES<\/h3>\n<p style=\"text-align: justify;\">En ocasiones es posible que utilicemos una tecnolog\u00eda llamada \u201ccookies\u201d con el fin de que proporcionemos una serie de contenidos y\/o servicios de manera personalizada. Una \u201ccookie\u201d es un peque\u00f1o elemento de datos que un Sitio Web puede enviar al programa de navegaci\u00f3n Web del Usuario.<\/p>\n<p style=\"text-align: justify;\">A su vez, este elemento puede almacenarse en el disco duro del ordenador del Usuario de manera que le podamos reconocer cuando regrese a nuestro Sitio Web. En cualquier caso, siempre existe la posibilidad de que el Usuario especifique, en las preferencias de su programa de navegaci\u00f3n que desea, recibir un aviso antes de aceptar cualquier \u201ccookie\u201d.<\/p>\n<p style=\"text-align: left;\">Los datos que ser\u00e1n almacenados en cada \u201ccookie\u201d son los siguientes: fecha y hora de la \u00faltima vez que el Usuario visit\u00f3 nuestro Web, dise\u00f1o de contenidos que el Usuario escogi\u00f3 en su primera visita a nuestro Web y elementos de seguridad que intervienen en el control de acceso a las \u00e1reas restringidas.<\/p>\n<h3 style=\"text-align: left;\">GOOGLE ANALYTICS<\/h3>\n<p style=\"text-align: justify;\">Desde este Sitio Web estudiamos las preferencias de nuestros Usuarios (caracter\u00edsticas demogr\u00e1ficas, sus patrones de tr\u00e1fico y otra informaci\u00f3n en conjunto para comprender el comportamiento y el perfil de nuestros Usuarios). El rastreo de las preferencias de nuestros Usuarios nos ayuda para mejorar nuestra p\u00e1gina, as\u00ed como nuestros servicios.<\/p>\n<p style=\"text-align: justify;\">Para ello, utilizamos el sistema Google Analytics (herramienta de Google para la medici\u00f3n del tr\u00e1fico de las P\u00e1ginas Web), el cual puede almacenar cookies en su ordenador para ayudarnos a recopilar informaci\u00f3n que ser\u00e1 utilizada \u00fanicamente con fines estad\u00edsticos y de estudio del comportamiento de los Usuarios de nuestro sitio web. La informaci\u00f3n que recopila la cookie (incluida la IP) es almacenada y transmitida hacia los servidores de Google en Estados Unidos. Google utilizar\u00e1 dichos datos para recopilar su actividad en nuestro sitio y generar informes con el prop\u00f3sito de identificar el uso que hace del sitio. Google podr\u00e1 proporcionar dicha informaci\u00f3n a terceros cuando as\u00ed lo requiera la legislaci\u00f3n vigente. La aceptaci\u00f3n de esta pol\u00edtica supone la aceptaci\u00f3n del uso por parte de Google de la informaci\u00f3n recogida por Google Analytics.<\/p>\n<p>[\/vc_column_text][\/vc_column][\/vc_row]<\/p>\n","protected":false},"excerpt":{"rendered":"<p>[vc_row][vc_column][vc_column_text] AVISO LEGAL ALVEAR S.A (ALVEAR) facilita a los usuarios (el\u00a0Usuario\u00a0o los\u00a0Usuarios) del presente sitio web\u00a0www.alvear.es(el\u00a0Sitio Web) los siguientes datos de informaci\u00f3n general, de acuerdo con el art\u00edculo 10 de la Ley 34\/2002, de 11 de julio, de Servicios de la Sociedad de la Informaci\u00f3n y de Comercio Electr\u00f3nico. Denominaci\u00f3n social: ALVEAR S.A. N\u00famero de<\/p>\n","protected":false},"author":2,"featured_media":0,"parent":0,"menu_order":0,"comment_status":"closed","ping_status":"closed","template":"","meta":{"om_disable_all_campaigns":false,"_monsterinsights_skip_tracking":false,"_monsterinsights_sitenote_active":false,"_monsterinsights_sitenote_note":"","_monsterinsights_sitenote_category":0,"_uf_show_specific_survey":0,"_uf_disable_surveys":false,"footnotes":""},"class_list":["post-929","page","type-page","status-publish","hentry"],"aioseo_notices":[],"yoast_head":"<!-- This site is optimized with the Yoast SEO plugin v27.5 - https:\/\/yoast.com\/product\/yoast-seo-wordpress\/ -->\n<title>Bodegas Alvear - Privacy Policy<\/title>\n<meta name=\"robots\" content=\"index, follow, max-snippet:-1, max-image-preview:large, max-video-preview:-1\" \/>\n<link rel=\"canonical\" href=\"https:\/\/www.alvear.es\/en\/privacy-policy\/\" \/>\n<meta name=\"twitter:label1\" content=\"Est. reading time\" \/>\n\t<meta name=\"twitter:data1\" content=\"8 minutes\" \/>\n<script type=\"application\/ld+json\" class=\"yoast-schema-graph\">{\"@context\":\"https:\\\/\\\/schema.org\",\"@graph\":[{\"@type\":\"WebPage\",\"@id\":\"https:\\\/\\\/www.alvear.es\\\/en\\\/privacy-policy\\\/\",\"url\":\"https:\\\/\\\/www.alvear.es\\\/en\\\/privacy-policy\\\/\",\"name\":\"Bodegas Alvear - Privacy Policy\",\"isPartOf\":{\"@id\":\"https:\\\/\\\/www.alvear.es\\\/en\\\/#website\"},\"datePublished\":\"2018-11-06T09:11:26+00:00\",\"dateModified\":\"2019-01-29T07:27:12+00:00\",\"breadcrumb\":{\"@id\":\"https:\\\/\\\/www.alvear.es\\\/en\\\/privacy-policy\\\/#breadcrumb\"},\"inLanguage\":\"en-US\",\"potentialAction\":[{\"@type\":\"ReadAction\",\"target\":[\"https:\\\/\\\/www.alvear.es\\\/en\\\/privacy-policy\\\/\"]}]},{\"@type\":\"BreadcrumbList\",\"@id\":\"https:\\\/\\\/www.alvear.es\\\/en\\\/privacy-policy\\\/#breadcrumb\",\"itemListElement\":[{\"@type\":\"ListItem\",\"position\":1,\"name\":\"Portada\",\"item\":\"https:\\\/\\\/www.alvear.es\\\/en\\\/\"},{\"@type\":\"ListItem\",\"position\":2,\"name\":\"Privacy Policy\"}]},{\"@type\":\"WebSite\",\"@id\":\"https:\\\/\\\/www.alvear.es\\\/en\\\/#website\",\"url\":\"https:\\\/\\\/www.alvear.es\\\/en\\\/\",\"name\":\"Bodegas Alvear\",\"description\":\"Fundada en 1729\",\"publisher\":{\"@id\":\"https:\\\/\\\/www.alvear.es\\\/en\\\/#organization\"},\"potentialAction\":[{\"@type\":\"SearchAction\",\"target\":{\"@type\":\"EntryPoint\",\"urlTemplate\":\"https:\\\/\\\/www.alvear.es\\\/en\\\/?s={search_term_string}\"},\"query-input\":{\"@type\":\"PropertyValueSpecification\",\"valueRequired\":true,\"valueName\":\"search_term_string\"}}],\"inLanguage\":\"en-US\"},{\"@type\":\"Organization\",\"@id\":\"https:\\\/\\\/www.alvear.es\\\/en\\\/#organization\",\"name\":\"Bodegas Alvear\",\"url\":\"https:\\\/\\\/www.alvear.es\\\/en\\\/\",\"logo\":{\"@type\":\"ImageObject\",\"inLanguage\":\"en-US\",\"@id\":\"https:\\\/\\\/www.alvear.es\\\/en\\\/#\\\/schema\\\/logo\\\/image\\\/\",\"url\":\"https:\\\/\\\/www.alvear.es\\\/wp-content\\\/uploads\\\/alvear_logo.png\",\"contentUrl\":\"https:\\\/\\\/www.alvear.es\\\/wp-content\\\/uploads\\\/alvear_logo.png\",\"width\":252,\"height\":80,\"caption\":\"Bodegas Alvear\"},\"image\":{\"@id\":\"https:\\\/\\\/www.alvear.es\\\/en\\\/#\\\/schema\\\/logo\\\/image\\\/\"},\"sameAs\":[\"https:\\\/\\\/www.facebook.com\\\/BodegasAlvear\",\"https:\\\/\\\/x.com\\\/bodegas_alvear\",\"https:\\\/\\\/www.instagram.com\\\/bodegas_alvear\\\/\",\"https:\\\/\\\/www.youtube.com\\\/user\\\/BodegasAlvear1729?ob=video-mustangbase\"]}]}<\/script>\n<!-- \/ Yoast SEO plugin. -->","yoast_head_json":{"title":"Bodegas Alvear - Privacy Policy","robots":{"index":"index","follow":"follow","max-snippet":"max-snippet:-1","max-image-preview":"max-image-preview:large","max-video-preview":"max-video-preview:-1"},"canonical":"https:\/\/www.alvear.es\/en\/privacy-policy\/","twitter_misc":{"Est. reading time":"8 minutes"},"schema":{"@context":"https:\/\/schema.org","@graph":[{"@type":"WebPage","@id":"https:\/\/www.alvear.es\/en\/privacy-policy\/","url":"https:\/\/www.alvear.es\/en\/privacy-policy\/","name":"Bodegas Alvear - Privacy Policy","isPartOf":{"@id":"https:\/\/www.alvear.es\/en\/#website"},"datePublished":"2018-11-06T09:11:26+00:00","dateModified":"2019-01-29T07:27:12+00:00","breadcrumb":{"@id":"https:\/\/www.alvear.es\/en\/privacy-policy\/#breadcrumb"},"inLanguage":"en-US","potentialAction":[{"@type":"ReadAction","target":["https:\/\/www.alvear.es\/en\/privacy-policy\/"]}]},{"@type":"BreadcrumbList","@id":"https:\/\/www.alvear.es\/en\/privacy-policy\/#breadcrumb","itemListElement":[{"@type":"ListItem","position":1,"name":"Portada","item":"https:\/\/www.alvear.es\/en\/"},{"@type":"ListItem","position":2,"name":"Privacy Policy"}]},{"@type":"WebSite","@id":"https:\/\/www.alvear.es\/en\/#website","url":"https:\/\/www.alvear.es\/en\/","name":"Bodegas Alvear","description":"Fundada en 1729","publisher":{"@id":"https:\/\/www.alvear.es\/en\/#organization"},"potentialAction":[{"@type":"SearchAction","target":{"@type":"EntryPoint","urlTemplate":"https:\/\/www.alvear.es\/en\/?s={search_term_string}"},"query-input":{"@type":"PropertyValueSpecification","valueRequired":true,"valueName":"search_term_string"}}],"inLanguage":"en-US"},{"@type":"Organization","@id":"https:\/\/www.alvear.es\/en\/#organization","name":"Bodegas Alvear","url":"https:\/\/www.alvear.es\/en\/","logo":{"@type":"ImageObject","inLanguage":"en-US","@id":"https:\/\/www.alvear.es\/en\/#\/schema\/logo\/image\/","url":"https:\/\/www.alvear.es\/wp-content\/uploads\/alvear_logo.png","contentUrl":"https:\/\/www.alvear.es\/wp-content\/uploads\/alvear_logo.png","width":252,"height":80,"caption":"Bodegas Alvear"},"image":{"@id":"https:\/\/www.alvear.es\/en\/#\/schema\/logo\/image\/"},"sameAs":["https:\/\/www.facebook.com\/BodegasAlvear","https:\/\/x.com\/bodegas_alvear","https:\/\/www.instagram.com\/bodegas_alvear\/","https:\/\/www.youtube.com\/user\/BodegasAlvear1729?ob=video-mustangbase"]}]}},"_links":{"self":[{"href":"https:\/\/www.alvear.es\/en\/wp-json\/wp\/v2\/pages\/929","targetHints":{"allow":["GET"]}}],"collection":[{"href":"https:\/\/www.alvear.es\/en\/wp-json\/wp\/v2\/pages"}],"about":[{"href":"https:\/\/www.alvear.es\/en\/wp-json\/wp\/v2\/types\/page"}],"author":[{"embeddable":true,"href":"https:\/\/www.alvear.es\/en\/wp-json\/wp\/v2\/users\/2"}],"replies":[{"embeddable":true,"href":"https:\/\/www.alvear.es\/en\/wp-json\/wp\/v2\/comments?post=929"}],"version-history":[{"count":1,"href":"https:\/\/www.alvear.es\/en\/wp-json\/wp\/v2\/pages\/929\/revisions"}],"predecessor-version":[{"id":930,"href":"https:\/\/www.alvear.es\/en\/wp-json\/wp\/v2\/pages\/929\/revisions\/930"}],"wp:attachment":[{"href":"https:\/\/www.alvear.es\/en\/wp-json\/wp\/v2\/media?parent=929"}],"curies":[{"name":"wp","href":"https:\/\/api.w.org\/{rel}","templated":true}]}}