{"id":728,"date":"2018-11-07T12:48:21","date_gmt":"2018-11-07T10:48:21","guid":{"rendered":"https:\/\/www.alvear.es\/palacio-quemado\/"},"modified":"2020-10-09T09:33:45","modified_gmt":"2020-10-09T07:33:45","slug":"palacio-quemado-en","status":"publish","type":"page","link":"https:\/\/www.alvear.es\/en\/palacio-quemado-en\/","title":{"rendered":"Palacio Quemado"},"content":{"rendered":"<p>[vc_row][vc_column][vc_separator][\/vc_column][\/vc_row][vc_row][vc_column][rev_slider_vc alias=&#8221;palacio_quemado&#8221;][vc_custom_heading text=&#8221;Palacio Quemado: dedicated to the production of select yields.&#8221; font_container=&#8221;tag:h1|font_size:30|text_align:center|color:%23202020&#8243; use_theme_fonts=&#8221;yes&#8221;][vc_row_inner css=&#8221;.vc_custom_1541607281493{padding-top: 20px !important;}&#8221;][vc_column_inner width=&#8221;1\/3&#8243;][vc_single_image image=&#8221;1016&#8243; img_size=&#8221;full&#8221; alignment=&#8221;center&#8221; style=&#8221;vc_box_outline&#8221;][\/vc_column_inner][vc_column_inner width=&#8221;2\/3&#8243;][vc_custom_heading text=&#8221;Single Estate Vineyard Wines&#8221; font_container=&#8221;tag:h2|font_size:24|text_align:left|color:%23666666&#8243; use_theme_fonts=&#8221;yes&#8221;][vc_column_text]<\/p>\n<p style=\"text-align: justify;\"><strong>PALACIO QUEMADO<\/strong>\u00a0is located in\u00a0<strong>Extremadura,<\/strong>\u00a0DO Ribera del Guadiana, in south-western Spain.\u00a0 the winery has 230 acres of 16 year old vine, 50% are\u00a0<strong>Tempranillo<\/strong>\u00a0and the rest are other varieties well adapted to the are: Garnacha, Syrah, Petit Verot and local grapes. The climate of this region is softened by its proximity to the Atlantic Ocean.<\/p>\n<p style=\"text-align: justify;\">In January 2015, Palacio Quemado became part os Grandes Pagos de Espa\u00f1a, an association of Spanish wine producers dedicated to upholding and promoting very high quality single estate wine and all that is entailed in its production. Wines that faithfully reflect the soils, subsoils and climate from which they hail, each offering an unmistakable personality that only be drawn from a specific terroir.<\/p>\n<p style=\"text-align: left;\"><strong>Family Owned.<\/strong><\/p>\n<p style=\"text-align: justify;\">Founded in 1999 by the<strong>\u00a08th Generation of the Alvear family<\/strong>\u00a0steeped in tradition, experience, know-how and passion. Since 2010, the\u00a0<strong>Envinate group<\/strong>, a winemaking company that focuses on exploring distinctive parcels mainly in the Atlantic-influenced regions of Ribeira Sacra, Extremadura and the Canary Islands are in charge of Palacio Quemado&#8217;s winemaking. Their collective aim is to make\u00a0<strong>pure and authentic wines that express the terroir of each parcel in a clear and concise manner.<\/strong><\/p>\n<p>[\/vc_column_text][\/vc_column_inner][\/vc_row_inner][vc_row_inner][vc_column_inner width=&#8221;1\/3&#8243;][vc_single_image image=&#8221;299&#8243; img_size=&#8221;full&#8221; alignment=&#8221;center&#8221; style=&#8221;vc_box_outline&#8221;][\/vc_column_inner][vc_column_inner width=&#8221;2\/3&#8243;][vc_custom_heading text=&#8221;Sustainable farming and wine marking.&#8221; font_container=&#8221;tag:h2|font_size:24|text_align:left|color:%23666666&#8243; use_theme_fonts=&#8221;yes&#8221;][vc_column_text]<\/p>\n<p style=\"text-align: justify;\">Since 2013,\u00a0<strong>no pesticides are used<\/strong>, only small doses of sulfur and copper, as wel as natural plants such as sage, wormwood and cinnamon.\u00a0<strong>Very low doses of sulfur<\/strong>\u00a0is used throughout the winemaking process.<\/p>\n<p style=\"text-align: left;\"><strong>Terroir Wines.<\/strong><\/p>\n<p style=\"text-align: justify;\">The winery has different types of soils, calcareous, clay, sandy and rocky, leanding to an exhaustive field work. Each plot of vines is managed and vinified separately, based on its diferent soils and orientations.\u00a0<strong>Minimum intervention in the winer<\/strong>y with great care to the rgapes: the grapes enter in the winery and tanks almost without crushing, preventing it from breaking, to preserve the personality of each plot (of each variety) and the nature of the vintage. Ageing is done in\u00a0<strong>second use 500 liters barriques<\/strong>respecting the work in the vineyard. Mostly Fren oak sourced from different coopers and forests: Allier, Nevers and Vosges.<\/p>\n<p>[\/vc_column_text][\/vc_column_inner][\/vc_row_inner][\/vc_column][\/vc_row][vc_row disable_element=&#8221;yes&#8221; css=&#8221;.vc_custom_1542042218833{padding-top: 20px !important;}&#8221;][vc_column][vc_row_inner][vc_column_inner width=&#8221;1\/3&#8243;][vc_custom_heading text=&#8221;Horario de visitas&#8221; font_container=&#8221;tag:h2|font_size:24|text_align:left|color:%23666666&#8243; use_theme_fonts=&#8221;yes&#8221; css=&#8221;.vc_custom_1541592179921{padding-bottom: 20px !important;}&#8221;][vc_column_text]<strong>Invierno: del 1 de Octubre al 30 de Abril<\/strong><\/p>\n<p>Lunes a Viernes: 10:00 a 18:00h. con cita previa.<\/p>\n<p>S\u00e1bados, Domingos y Festivos con cita previa.[\/vc_column_text][vc_column_text]<strong>Verano: del 1 de Mayo al 30 de Septiembre<\/strong><\/p>\n<p>Lunes a Viernes: 10:00 a 15:00h. con cita previa.<\/p>\n<p>S\u00e1bados, Domingos y Festivos con cita previa.[\/vc_column_text][\/vc_column_inner][vc_column_inner width=&#8221;1\/3&#8243;][vc_custom_heading text=&#8221;Actvidades&#8221; font_container=&#8221;tag:h2|font_size:24|text_align:left|color:%23666666&#8243; use_theme_fonts=&#8221;yes&#8221; css=&#8221;.vc_custom_1541592680814{padding-bottom: 20px !important;}&#8221;][vc_column_text]- Visita guiada a la bodega.<\/p>\n<p>&#8211; Degustaci\u00f3n de nuestros vinos.<\/p>\n<p>&#8211; Cursos de Catas.<\/p>\n<p>&#8211; Venta de Vino.[\/vc_column_text][\/vc_column_inner][vc_column_inner width=&#8221;1\/3&#8243;][vc_custom_heading text=&#8221;Elige tu visita&#8221; font_container=&#8221;tag:h2|font_size:24|text_align:left|color:%23666666&#8243; use_theme_fonts=&#8221;yes&#8221; css=&#8221;.vc_custom_1541592266652{padding-bottom: 20px !important;}&#8221;][vc_column_text]<span style=\"color: #c5a658;\"><a style=\"color: #c5a658;\" href=\"https:\/\/www.reservaonline.support\/Palacio_Quemado\/comprar_producto.html?id_experiencia=4877&amp;id_elemento=4877&amp;tipo_elemento=2&amp;id_destino=4558&amp;id_operador=4558&amp;id_punto_venta=4725&amp;id_idioma=0&amp;cierre_app=1\" target=\"_blank\" rel=\"noopener noreferrer\"><strong>Los vinos de Palacio Quemado<\/strong><\/a><\/span><br \/>\nViticultura y ecolog\u00eda sostenible en la Ribera del Guadiana.[\/vc_column_text][vc_column_text]<a href=\"https:\/\/www.reservaonline.support\/Palacio_Quemado\/comprar_producto.html?id_experiencia=4860&amp;id_elemento=4860&amp;tipo_elemento=2&amp;id_destino=4558&amp;id_operador=4558&amp;id_punto_venta=4725&amp;id_idioma=0&amp;cierre_app=1\" target=\"_blank\" rel=\"noopener noreferrer\"><strong><span style=\"color: #c5a658;\"> A cada Vino, su Queso<\/span><\/strong><\/a><br \/>\nYa sabes&#8230; vino con queso \u00a1sabe a beso![\/vc_column_text][vc_column_text]<span style=\"color: #c5a658;\"><a style=\"color: #c5a658;\" href=\"https:\/\/www.reservaonline.support\/Palacio_Quemado\/comprar_producto.html?id_experiencia=4864&amp;id_elemento=4864&amp;tipo_elemento=2&amp;id_destino=4558&amp;id_operador=4558&amp;id_punto_venta=4725&amp;id_idioma=0&amp;cierre_app=1\" target=\"_blank\" rel=\"noopener noreferrer\"><strong>Paseo en remolque entre vi\u00f1edos<\/strong><\/a><\/span><br \/>\n\u201cVinos de Pago\u201d, \u00a1te encantar\u00e1n!.[\/vc_column_text][\/vc_column_inner][\/vc_row_inner][\/vc_column][\/vc_row][vc_row][vc_column][vc_separator][\/vc_column][\/vc_row][vc_row css=&#8221;.vc_custom_1541589405485{padding-top: 2% !important;}&#8221;][vc_column][vc_custom_heading text=&#8221;How to find us&#8221; font_container=&#8221;tag:h1|font_size:30|text_align:left|color:%23202020&#8243; use_theme_fonts=&#8221;yes&#8221;][vc_column_text]<\/p>\n<p style=\"text-align: justify;\">Carretera Almendralejo &#8211; Palomas, km 6\u00b49 &#8211; 06840 Alange (Badajoz)<\/p>\n<p><strong>Phone<\/strong>: +34 924 120 296 \/ <strong>Mobile<\/strong>: +34 609 940 278[\/vc_column_text][vc_gmaps link=&#8221;#E-8_JTNDaWZyYW1lJTIwc3JjJTNEJTIyaHR0cHMlM0ElMkYlMkZ3d3cuZ29vZ2xlLmNvbSUyRm1hcHMlMkZlbWJlZCUzRnBiJTNEJTIxMW0xOCUyMTFtMTIlMjExbTMlMjExZDMxMTUuMDI0MDY1NjAzMjc1NiUyMTJkLTYuMjc0OTA5Njg0MjU4Njk5JTIxM2QzOC42NzEzMTQ5Nzk2MDYxJTIxMm0zJTIxMWYwJTIxMmYwJTIxM2YwJTIxM20yJTIxMWkxMDI0JTIxMmk3NjglMjE0ZjEzLjElMjEzbTMlMjExbTIlMjExczB4ZDE0MWFkZGFlM2MxYTQ1JTI1M0EweGMwYTBjOTA1NTY4ZWY1ZDAlMjEyc1BhbGFjaW8lMkJRdWVtYWRvJTIxNWUwJTIxM20yJTIxMXNlcyUyMTJzZXMlMjE0djE1NDE1OTMzNTU3MjAlMjIlMjB3aWR0aCUzRCUyMjYwMCUyMiUyMGhlaWdodCUzRCUyMjQ1MCUyMiUyMGZyYW1lYm9yZGVyJTNEJTIyMCUyMiUyMHN0eWxlJTNEJTIyYm9yZGVyJTNBMCUyMiUyMGFsbG93ZnVsbHNjcmVlbiUzRSUzQyUyRmlmcmFtZSUzRQ==&#8221;][\/vc_column][\/vc_row][vc_row disable_element=&#8221;yes&#8221;][vc_column][vc_separator][\/vc_column][\/vc_row][vc_row disable_element=&#8221;yes&#8221;][vc_column][vc_row_inner content_placement=&#8221;middle&#8221;][vc_column_inner width=&#8221;1\/4&#8243; css=&#8221;.vc_custom_1541672932375{padding-right: 25% !important;padding-left: 25% !important;}&#8221;][vc_single_image image=&#8221;341&#8243; img_size=&#8221;&#8221;][\/vc_column_inner][vc_column_inner width=&#8221;1\/2&#8243;][vc_column_text]<span style=\"color: #333333; font-size: 11px;\">El Proyecto ha contado con financiaci\u00f3n CDTI<\/span>.<br \/>\n<span style=\"color: #333333; font-size: 11px;\">Proyecto cofinanciada con fondos FEDER a trav\u00e9s del Programa Operativo de Crecimiento Inteligente 2014-2020.<\/span>[\/vc_column_text][\/vc_column_inner][vc_column_inner width=&#8221;1\/4&#8243; css=&#8221;.vc_custom_1541672874109{padding-right: 25% !important;padding-left: 25% !important;}&#8221;][vc_single_image image=&#8221;342&#8243; img_size=&#8221;&#8221;][vc_single_image image=&#8221;343&#8243; img_size=&#8221;&#8221;][\/vc_column_inner][\/vc_row_inner][vc_column_text]<span style=\"color: #333333; font-size: 11px;\">El objetivo principal del proyecto es obtener nuevos vinos en la D. O. Ribera del Guadiana, que expresen las caracter\u00edsticas de las tierras extreme\u00f1as pero que, adem\u00e1s de poseer esta personalidad propia, est\u00e9n igualmente adaptados al gusto de la exportaci\u00f3n, ya que es el siguiente objetivo de la empresa para trasladar los \u00e9xitos cosechados en el mercado nacional al resto del mundo.<\/span><br \/>\n<span style=\"color: #333333; font-size: 11px;\">El proyecto se organiza en dos actividades diferenciadas entre campo y bodega, donde se est\u00e1n llevando a cabo distintas estrategias de cultivo en las variedades que tiene la empresa e introduciendo nuevas, para evaluar su evoluci\u00f3n y adaptaci\u00f3n, ya que son interesante para enriquecer los vinos actuales de la bodega. En cuanto a la fase de bodega, se est\u00e1n realizando pruebas con distintos materiales y vol\u00famenes para la fermentaci\u00f3n y en la crianza.<\/span><br \/>\n<span style=\"color: #333333; font-size: 11px;\">Resultados: Actualmente el proyecto est\u00e1 en una fase inicial, donde se ha visto una buena adaptaci\u00f3n de las nuevas variedades introducidas y en cuanto a las estrategias de cultivo, se continua realizando ensayos, para ver el efecto seg\u00fan las caracter\u00edsticas deseadas en el vino. En cuanto a los ensayos de bodega, se est\u00e1 viendo que en dep\u00f3sitos grandes y con hormig\u00f3n se van teniendo vinos mas afinados. Los resultados de barrica, deben pasar algunos meses mas.<\/span>[\/vc_column_text][\/vc_column][\/vc_row][vc_row disable_element=&#8221;yes&#8221;][vc_column][vc_separator][\/vc_column][\/vc_row][vc_row disable_element=&#8221;yes&#8221;][vc_column][vc_row_inner content_placement=&#8221;middle&#8221;][vc_column_inner width=&#8221;1\/4&#8243; css=&#8221;.vc_custom_1541672914113{padding-right: 25% !important;padding-left: 25% !important;}&#8221;][vc_single_image image=&#8221;341&#8243; img_size=&#8221;&#8221;][\/vc_column_inner][vc_column_inner width=&#8221;1\/2&#8243;][vc_column_text]<span style=\"color: #333333; font-size: 11px;\">Proyecto de mejora tecnol\u00f3gica y ampliaci\u00f3n en Bodega de Vinos. Modalidad Ampliaci\u00f3n\/Modernizaci\u00f3n<\/span><br \/>\n<span style=\"color: #333333; font-size: 11px;\">Expediente: FG-16-0236-1<\/span><br \/>\n<span style=\"color: #333333; font-size: 11px;\">Inversi\u00f3n: 63.337,56\u20ac<\/span><br \/>\n<span style=\"color: #333333; font-size: 11px;\">Subvenci\u00f3n: 19.634,65\u20ac<\/span><br \/>\n<span style=\"color: #333333; font-size: 11px;\">Proyecto cofinanciado por el Fondo Europeo Agr\u00edcola de Desarrollo Rural.<\/span>[\/vc_column_text][\/vc_column_inner][vc_column_inner width=&#8221;1\/4&#8243;][\/vc_column_inner][\/vc_row_inner][\/vc_column][\/vc_row]<\/p>\n","protected":false},"excerpt":{"rendered":"<p>[vc_row][vc_column][vc_separator][\/vc_column][\/vc_row][vc_row][vc_column][rev_slider_vc alias=&#8221;palacio_quemado&#8221;][vc_custom_heading text=&#8221;Palacio Quemado: dedicated to the production of select yields.&#8221; font_container=&#8221;tag:h1|font_size:30|text_align:center|color:%23202020&#8243; use_theme_fonts=&#8221;yes&#8221;][vc_row_inner css=&#8221;.vc_custom_1541607281493{padding-top: 20px !important;}&#8221;][vc_column_inner width=&#8221;1\/3&#8243;][vc_single_image image=&#8221;1016&#8243; img_size=&#8221;full&#8221; alignment=&#8221;center&#8221; style=&#8221;vc_box_outline&#8221;][\/vc_column_inner][vc_column_inner width=&#8221;2\/3&#8243;][vc_custom_heading text=&#8221;Single Estate Vineyard Wines&#8221; font_container=&#8221;tag:h2|font_size:24|text_align:left|color:%23666666&#8243; use_theme_fonts=&#8221;yes&#8221;][vc_column_text] PALACIO QUEMADO\u00a0is located in\u00a0Extremadura,\u00a0DO Ribera del Guadiana, in south-western Spain.\u00a0 the winery has 230 acres of 16 year old vine, 50% are\u00a0Tempranillo\u00a0and the rest are other varieties<\/p>\n","protected":false},"author":2,"featured_media":0,"parent":0,"menu_order":0,"comment_status":"closed","ping_status":"closed","template":"","meta":{"om_disable_all_campaigns":false,"_monsterinsights_skip_tracking":false,"_monsterinsights_sitenote_active":false,"_monsterinsights_sitenote_note":"","_monsterinsights_sitenote_category":0,"_uf_show_specific_survey":0,"_uf_disable_surveys":false,"footnotes":""},"class_list":["post-728","page","type-page","status-publish","hentry"],"aioseo_notices":[],"yoast_head":"<!-- This site is optimized with the Yoast SEO plugin v27.5 - https:\/\/yoast.com\/product\/yoast-seo-wordpress\/ -->\n<title>Bodegas Alvear - Bodega Palacio Quemado<\/title>\n<meta name=\"description\" content=\"Founded by Alvear, Bodega Palacio Quemado is located in Extremadura, in the middle of a 4,000 hectare estate with vineyards of different varieties.\" \/>\n<meta name=\"robots\" content=\"index, follow, max-snippet:-1, max-image-preview:large, max-video-preview:-1\" \/>\n<link rel=\"canonical\" href=\"https:\/\/www.alvear.es\/en\/palacio-quemado-en\/\" \/>\n<meta name=\"twitter:label1\" content=\"Est. reading time\" \/>\n\t<meta name=\"twitter:data1\" content=\"7 minutes\" \/>\n<script type=\"application\/ld+json\" class=\"yoast-schema-graph\">{\"@context\":\"https:\\\/\\\/schema.org\",\"@graph\":[{\"@type\":\"WebPage\",\"@id\":\"https:\\\/\\\/www.alvear.es\\\/en\\\/palacio-quemado-en\\\/\",\"url\":\"https:\\\/\\\/www.alvear.es\\\/en\\\/palacio-quemado-en\\\/\",\"name\":\"Bodegas Alvear - Bodega Palacio Quemado\",\"isPartOf\":{\"@id\":\"https:\\\/\\\/www.alvear.es\\\/en\\\/#website\"},\"datePublished\":\"2018-11-07T10:48:21+00:00\",\"dateModified\":\"2020-10-09T07:33:45+00:00\",\"description\":\"Founded by Alvear, Bodega Palacio Quemado is located in Extremadura, in the middle of a 4,000 hectare estate with vineyards of different varieties.\",\"breadcrumb\":{\"@id\":\"https:\\\/\\\/www.alvear.es\\\/en\\\/palacio-quemado-en\\\/#breadcrumb\"},\"inLanguage\":\"en-US\",\"potentialAction\":[{\"@type\":\"ReadAction\",\"target\":[\"https:\\\/\\\/www.alvear.es\\\/en\\\/palacio-quemado-en\\\/\"]}]},{\"@type\":\"BreadcrumbList\",\"@id\":\"https:\\\/\\\/www.alvear.es\\\/en\\\/palacio-quemado-en\\\/#breadcrumb\",\"itemListElement\":[{\"@type\":\"ListItem\",\"position\":1,\"name\":\"Portada\",\"item\":\"https:\\\/\\\/www.alvear.es\\\/en\\\/\"},{\"@type\":\"ListItem\",\"position\":2,\"name\":\"Palacio Quemado\"}]},{\"@type\":\"WebSite\",\"@id\":\"https:\\\/\\\/www.alvear.es\\\/en\\\/#website\",\"url\":\"https:\\\/\\\/www.alvear.es\\\/en\\\/\",\"name\":\"Bodegas Alvear\",\"description\":\"Fundada en 1729\",\"publisher\":{\"@id\":\"https:\\\/\\\/www.alvear.es\\\/en\\\/#organization\"},\"potentialAction\":[{\"@type\":\"SearchAction\",\"target\":{\"@type\":\"EntryPoint\",\"urlTemplate\":\"https:\\\/\\\/www.alvear.es\\\/en\\\/?s={search_term_string}\"},\"query-input\":{\"@type\":\"PropertyValueSpecification\",\"valueRequired\":true,\"valueName\":\"search_term_string\"}}],\"inLanguage\":\"en-US\"},{\"@type\":\"Organization\",\"@id\":\"https:\\\/\\\/www.alvear.es\\\/en\\\/#organization\",\"name\":\"Bodegas Alvear\",\"url\":\"https:\\\/\\\/www.alvear.es\\\/en\\\/\",\"logo\":{\"@type\":\"ImageObject\",\"inLanguage\":\"en-US\",\"@id\":\"https:\\\/\\\/www.alvear.es\\\/en\\\/#\\\/schema\\\/logo\\\/image\\\/\",\"url\":\"https:\\\/\\\/www.alvear.es\\\/wp-content\\\/uploads\\\/alvear_logo.png\",\"contentUrl\":\"https:\\\/\\\/www.alvear.es\\\/wp-content\\\/uploads\\\/alvear_logo.png\",\"width\":252,\"height\":80,\"caption\":\"Bodegas Alvear\"},\"image\":{\"@id\":\"https:\\\/\\\/www.alvear.es\\\/en\\\/#\\\/schema\\\/logo\\\/image\\\/\"},\"sameAs\":[\"https:\\\/\\\/www.facebook.com\\\/BodegasAlvear\",\"https:\\\/\\\/x.com\\\/bodegas_alvear\",\"https:\\\/\\\/www.instagram.com\\\/bodegas_alvear\\\/\",\"https:\\\/\\\/www.youtube.com\\\/user\\\/BodegasAlvear1729?ob=video-mustangbase\"]}]}<\/script>\n<!-- \/ Yoast SEO plugin. -->","yoast_head_json":{"title":"Bodegas Alvear - Bodega Palacio Quemado","description":"Founded by Alvear, Bodega Palacio Quemado is located in Extremadura, in the middle of a 4,000 hectare estate with vineyards of different varieties.","robots":{"index":"index","follow":"follow","max-snippet":"max-snippet:-1","max-image-preview":"max-image-preview:large","max-video-preview":"max-video-preview:-1"},"canonical":"https:\/\/www.alvear.es\/en\/palacio-quemado-en\/","twitter_misc":{"Est. reading time":"7 minutes"},"schema":{"@context":"https:\/\/schema.org","@graph":[{"@type":"WebPage","@id":"https:\/\/www.alvear.es\/en\/palacio-quemado-en\/","url":"https:\/\/www.alvear.es\/en\/palacio-quemado-en\/","name":"Bodegas Alvear - Bodega Palacio Quemado","isPartOf":{"@id":"https:\/\/www.alvear.es\/en\/#website"},"datePublished":"2018-11-07T10:48:21+00:00","dateModified":"2020-10-09T07:33:45+00:00","description":"Founded by Alvear, Bodega Palacio Quemado is located in Extremadura, in the middle of a 4,000 hectare estate with vineyards of different varieties.","breadcrumb":{"@id":"https:\/\/www.alvear.es\/en\/palacio-quemado-en\/#breadcrumb"},"inLanguage":"en-US","potentialAction":[{"@type":"ReadAction","target":["https:\/\/www.alvear.es\/en\/palacio-quemado-en\/"]}]},{"@type":"BreadcrumbList","@id":"https:\/\/www.alvear.es\/en\/palacio-quemado-en\/#breadcrumb","itemListElement":[{"@type":"ListItem","position":1,"name":"Portada","item":"https:\/\/www.alvear.es\/en\/"},{"@type":"ListItem","position":2,"name":"Palacio Quemado"}]},{"@type":"WebSite","@id":"https:\/\/www.alvear.es\/en\/#website","url":"https:\/\/www.alvear.es\/en\/","name":"Bodegas Alvear","description":"Fundada en 1729","publisher":{"@id":"https:\/\/www.alvear.es\/en\/#organization"},"potentialAction":[{"@type":"SearchAction","target":{"@type":"EntryPoint","urlTemplate":"https:\/\/www.alvear.es\/en\/?s={search_term_string}"},"query-input":{"@type":"PropertyValueSpecification","valueRequired":true,"valueName":"search_term_string"}}],"inLanguage":"en-US"},{"@type":"Organization","@id":"https:\/\/www.alvear.es\/en\/#organization","name":"Bodegas Alvear","url":"https:\/\/www.alvear.es\/en\/","logo":{"@type":"ImageObject","inLanguage":"en-US","@id":"https:\/\/www.alvear.es\/en\/#\/schema\/logo\/image\/","url":"https:\/\/www.alvear.es\/wp-content\/uploads\/alvear_logo.png","contentUrl":"https:\/\/www.alvear.es\/wp-content\/uploads\/alvear_logo.png","width":252,"height":80,"caption":"Bodegas Alvear"},"image":{"@id":"https:\/\/www.alvear.es\/en\/#\/schema\/logo\/image\/"},"sameAs":["https:\/\/www.facebook.com\/BodegasAlvear","https:\/\/x.com\/bodegas_alvear","https:\/\/www.instagram.com\/bodegas_alvear\/","https:\/\/www.youtube.com\/user\/BodegasAlvear1729?ob=video-mustangbase"]}]}},"_links":{"self":[{"href":"https:\/\/www.alvear.es\/en\/wp-json\/wp\/v2\/pages\/728","targetHints":{"allow":["GET"]}}],"collection":[{"href":"https:\/\/www.alvear.es\/en\/wp-json\/wp\/v2\/pages"}],"about":[{"href":"https:\/\/www.alvear.es\/en\/wp-json\/wp\/v2\/types\/page"}],"author":[{"embeddable":true,"href":"https:\/\/www.alvear.es\/en\/wp-json\/wp\/v2\/users\/2"}],"replies":[{"embeddable":true,"href":"https:\/\/www.alvear.es\/en\/wp-json\/wp\/v2\/comments?post=728"}],"version-history":[{"count":6,"href":"https:\/\/www.alvear.es\/en\/wp-json\/wp\/v2\/pages\/728\/revisions"}],"predecessor-version":[{"id":1028,"href":"https:\/\/www.alvear.es\/en\/wp-json\/wp\/v2\/pages\/728\/revisions\/1028"}],"wp:attachment":[{"href":"https:\/\/www.alvear.es\/en\/wp-json\/wp\/v2\/media?parent=728"}],"curies":[{"name":"wp","href":"https:\/\/api.w.org\/{rel}","templated":true}]}}